{"id":3490,"date":"2022-01-08T17:14:18","date_gmt":"2022-01-08T16:14:18","guid":{"rendered":"https:\/\/dourdin.com\/aviz-legal\/"},"modified":"2022-01-26T09:34:27","modified_gmt":"2022-01-26T08:34:27","slug":"aviz-legal","status":"publish","type":"page","link":"https:\/\/dourdin.com\/ro\/aviz-legal\/","title":{"rendered":"Aviz legal"},"content":{"rendered":"<style>#kt-layout-id_0a1efb-0b > .kt-row-column-wrap{align-content:center;}:where(#kt-layout-id_0a1efb-0b > .kt-row-column-wrap) > .wp-block-kadence-column{justify-content:center;}#kt-layout-id_0a1efb-0b > .kt-row-column-wrap{column-gap:var(--global-kb-gap-md, 2rem);row-gap:var(--global-kb-gap-md, 2rem);max-width:900px;margin-left:auto;margin-right:auto;padding-top:var( --global-kb-row-default-top, 25px );padding-bottom:var( --global-kb-row-default-bottom, 25px );padding-top:var(--global-kb-spacing-sm, 1.5rem);padding-bottom:var(--global-kb-spacing-sm, 1.5rem);min-height:100vh;grid-template-columns:minmax(0, 1fr);}#kt-layout-id_0a1efb-0b{background-image:url('https:\/\/dourdin-tryout.goforflex.com\/wp-content\/uploads\/2021\/10\/Background_irongrip.webp');background-size:auto;background-position:center center;background-attachment:fixed;background-repeat:repeat;}#kt-layout-id_0a1efb-0b > .kt-row-layout-overlay{opacity:0.30;}@media all and (max-width: 1024px), only screen and (min-device-width: 1024px) and (max-device-width: 1366px) and (-webkit-min-device-pixel-ratio: 2) and (hover: none){#kt-layout-id_0a1efb-0b{background-attachment:scroll;}}@media all and (max-width: 1024px){#kt-layout-id_0a1efb-0b > .kt-row-column-wrap{grid-template-columns:minmax(0, 1fr);}}@media all and (max-width: 767px){#kt-layout-id_0a1efb-0b > .kt-row-column-wrap{grid-template-columns:minmax(0, 1fr);}}<\/style>\n<div class=\"wp-block-kadence-rowlayout alignfull\"><div id=\"kt-layout-id_0a1efb-0b\" class=\"kt-row-layout-inner kt-row-has-bg kt-layout-id_0a1efb-0b\"><div class=\"kt-row-column-wrap kt-has-1-columns kt-gutter-default kt-v-gutter-default kt-row-valign-middle kt-row-layout-equal kt-tab-layout-inherit kt-m-colapse-left-to-right kt-mobile-layout-row\"><style>.kadence-column_496c25-43 > .kt-inside-inner-col{border-top-width:0px;border-right-width:0px;border-bottom-width:0px;border-left-width:0px;}.kadence-column_496c25-43 > .kt-inside-inner-col,.kadence-column_496c25-43 > .kt-inside-inner-col:before{border-top-left-radius:0px;border-top-right-radius:0px;border-bottom-right-radius:0px;border-bottom-left-radius:0px;}.kadence-column_496c25-43 > .kt-inside-inner-col{column-gap:var(--global-kb-gap-sm, 1rem);}.kadence-column_496c25-43 > .kt-inside-inner-col{flex-direction:column;}.kadence-column_496c25-43 > .kt-inside-inner-col > .aligncenter{width:100%;}.kadence-column_496c25-43 > .kt-inside-inner-col:before{opacity:0.3;}.kadence-column_496c25-43 a:hover{color:var(--global-palette9, #ffffff);}.kadence-column_496c25-43:hover, .kadence-column_496c25-43:hover h1, .kadence-column_496c25-43:hover h2, .kadence-column_496c25-43:hover h3, .kadence-column_496c25-43:hover h4, .kadence-column_496c25-43:hover h5, .kadence-column_496c25-43:hover h6{color:var(--global-palette9, #ffffff);}.kadence-column_496c25-43:hover a{color:var(--global-palette9, #ffffff);}.kadence-column_496c25-43{position:relative;}@media all and (max-width: 1024px){.kadence-column_496c25-43 > .kt-inside-inner-col{flex-direction:column;justify-content:center;}}@media all and (max-width: 767px){.kadence-column_496c25-43 > .kt-inside-inner-col{padding-top:2px;padding-bottom:2px;padding-left:2px;padding-right:2px;flex-direction:column;justify-content:center;}.wp-block-kadence-column.kadence-column_496c25-43 > .kt-inside-inner-col{margin-top:2px;margin-bottom:2px;margin-right:2px;margin-left:2px;}}<\/style>\n<div class=\"wp-block-kadence-column inner-column-1 kadence-column_496c25-43\"><div class=\"kt-inside-inner-col\"><style>.wp-block-kadence-advancedheading.kt-adv-heading_58c558-c3, .wp-block-kadence-advancedheading.kt-adv-heading_58c558-c3[data-kb-block=\"kb-adv-heading_58c558-c3\"]{padding-top:150px;font-size:60px;line-height:60px;font-weight:400;font-style:normal;}.wp-block-kadence-advancedheading.kt-adv-heading_58c558-c3 mark.kt-highlight, .wp-block-kadence-advancedheading.kt-adv-heading_58c558-c3[data-kb-block=\"kb-adv-heading_58c558-c3\"] mark.kt-highlight{font-style:normal;color:#f76a0c;-webkit-box-decoration-break:clone;box-decoration-break:clone;padding-top:0px;padding-right:0px;padding-bottom:0px;padding-left:0px;}.wp-block-kadence-advancedheading.kt-adv-heading_58c558-c3 img.kb-inline-image, .wp-block-kadence-advancedheading.kt-adv-heading_58c558-c3[data-kb-block=\"kb-adv-heading_58c558-c3\"] img.kb-inline-image{width:150px;vertical-align:baseline;}@media all and (max-width: 767px){.wp-block-kadence-advancedheading.kt-adv-heading_58c558-c3, .wp-block-kadence-advancedheading.kt-adv-heading_58c558-c3[data-kb-block=\"kb-adv-heading_58c558-c3\"]{font-size:40px;line-height:42px;text-align:center!important;}}<\/style>\n<h2 class=\"kt-adv-heading_58c558-c3 wp-block-kadence-advancedheading has-theme-palette-9-color has-text-color\" data-kb-block=\"kb-adv-heading_58c558-c3\">Aviz legal<\/h2>\n\n\n<style>.wp-block-kadence-iconlist.kt-svg-icon-list-items_89bca3-ab:not(.this-stops-third-party-issues){margin-top:0px;margin-bottom:0px;}.wp-block-kadence-iconlist.kt-svg-icon-list-items_89bca3-ab ul.kt-svg-icon-list:not(.this-prevents-issues):not(.this-stops-third-party-issues):not(.tijsloc){margin-top:30px;margin-right:10px;margin-bottom:10px;margin-left:10px;}.wp-block-kadence-iconlist.kt-svg-icon-list-items_89bca3-ab ul.kt-svg-icon-list{grid-row-gap:5px;}.wp-block-kadence-iconlist.kt-svg-icon-list-items_89bca3-ab ul.kt-svg-icon-list .kt-svg-icon-list-item-wrap .kt-svg-icon-list-single{margin-right:10px;}.kt-svg-icon-list-items_89bca3-ab ul.kt-svg-icon-list .kt-svg-icon-list-item-wrap, .kt-svg-icon-list-items_89bca3-ab ul.kt-svg-icon-list .kt-svg-icon-list-item-wrap a{color:var(--global-palette5, #4A5568);font-size:20px;font-weight:400;text-transform:none;color:var(--global-palette5, #4A5568);}.kt-svg-icon-list-items_89bca3-ab ul.kt-svg-icon-list .kt-svg-icon-list-level-0 .kt-svg-icon-list-single svg{font-size:40px;}.kt-svg-icon-list-items_89bca3-ab ul.kt-svg-icon-list .kt-svg-icon-list-level-1 .kt-svg-icon-list-single svg{font-size:40px;}.kt-svg-icon-list-items_89bca3-ab ul.kt-svg-icon-list .kt-svg-icon-list-level-2 .kt-svg-icon-list-single svg{font-size:40px;}.kt-svg-icon-list-items_89bca3-ab ul.kt-svg-icon-list .kt-svg-icon-list-level-3 .kt-svg-icon-list-single svg{font-size:40px;}@media all and (max-width: 767px){.kt-svg-icon-list-items_89bca3-ab ul.kt-svg-icon-list .kt-svg-icon-list-item-wrap, .kt-svg-icon-list-items_89bca3-ab ul.kt-svg-icon-list .kt-svg-icon-list-item-wrap a{font-size:18px;line-height:20px;}}<\/style>\n<div class=\"wp-block-kadence-iconlist kt-svg-icon-list-items kt-svg-icon-list-items_89bca3-ab kt-svg-icon-list-columns-1 alignnone\"><ul class=\"kt-svg-icon-list\"><li class=\"kt-svg-icon-list-style-default kt-svg-icon-list-item-wrap kt-svg-icon-list-item-0\"><div style=\"display:inline-flex;justify-content:center;align-items:center;color:var(--global-palette5)\" class=\"kt-svg-icon-list-single kt-svg-icon-list-single-fe_checkCircle\"><svg style=\"display:inline-block;vertical-align:middle\" viewbox=\"0 0 24 24\" height=\"40\" width=\"40\" fill=\"none\" stroke=\"currentColor\" xmlns=\"http:\/\/www.w3.org\/2000\/svg\" stroke-width=\"2\" stroke-linecap=\"round\" stroke-linejoin=\"round\" aria-hidden=\"true\"><path d=\"M22 11.08V12a10 10 0 1 1-5.93-9.14\"><\/path><polyline points=\"22 4 12 14.01 9 11.01\"><\/polyline><\/svg><\/div><span class=\"kt-svg-icon-list-text\"><a href=\"\/ro\/politica-de-privacidade\/\" target=\"_blank\" rel=\"noreferrer noopener\">Politica de confiden\u021bialitate<\/a><\/span><\/li><li class=\"kt-svg-icon-list-style-default kt-svg-icon-list-item-wrap kt-svg-icon-list-item-1\"><div style=\"display:inline-flex;justify-content:center;align-items:center;color:var(--global-palette5)\" class=\"kt-svg-icon-list-single kt-svg-icon-list-single-fe_checkCircle\"><svg style=\"display:inline-block;vertical-align:middle\" viewbox=\"0 0 24 24\" height=\"40\" width=\"40\" fill=\"none\" stroke=\"currentColor\" xmlns=\"http:\/\/www.w3.org\/2000\/svg\" stroke-width=\"2\" stroke-linecap=\"round\" stroke-linejoin=\"round\" aria-hidden=\"true\"><path d=\"M22 11.08V12a10 10 0 1 1-5.93-9.14\"><\/path><polyline points=\"22 4 12 14.01 9 11.01\"><\/polyline><\/svg><\/div><span class=\"kt-svg-icon-list-text\"><a href=\"\/ro\/politica-privind-cookie-urile\/\" target=\"_blank\" rel=\"noreferrer noopener\" data-type=\"URL\">Politica privind cookie-urile<\/a><\/span><\/li><li class=\"kt-svg-icon-list-style-default kt-svg-icon-list-item-wrap kt-svg-icon-list-item-2\"><div style=\"display:inline-flex;justify-content:center;align-items:center;color:var(--global-palette5)\" class=\"kt-svg-icon-list-single kt-svg-icon-list-single-fe_checkCircle\"><svg style=\"display:inline-block;vertical-align:middle\" viewbox=\"0 0 24 24\" height=\"40\" width=\"40\" fill=\"none\" stroke=\"currentColor\" xmlns=\"http:\/\/www.w3.org\/2000\/svg\" stroke-width=\"2\" stroke-linecap=\"round\" stroke-linejoin=\"round\" aria-hidden=\"true\"><path d=\"M22 11.08V12a10 10 0 1 1-5.93-9.14\"><\/path><polyline points=\"22 4 12 14.01 9 11.01\"><\/polyline><\/svg><\/div><span class=\"kt-svg-icon-list-text\"><a href=\"\/ro\/termeni-si-conditii-generale-de-vanzare\/\" target=\"_blank\" rel=\"noreferrer noopener\">Termeni \u0219i condi\u021bii generale de v\u00e2nzare<\/a><\/span><\/li><li class=\"kt-svg-icon-list-style-default kt-svg-icon-list-item-wrap kt-svg-icon-list-item-3\"><div style=\"display:inline-flex;justify-content:center;align-items:center;color:var(--global-palette5)\" class=\"kt-svg-icon-list-single kt-svg-icon-list-single-fe_checkCircle\"><svg style=\"display:inline-block;vertical-align:middle\" viewbox=\"0 0 24 24\" height=\"40\" width=\"40\" fill=\"none\" stroke=\"currentColor\" xmlns=\"http:\/\/www.w3.org\/2000\/svg\" stroke-width=\"2\" stroke-linecap=\"round\" stroke-linejoin=\"round\" aria-hidden=\"true\"><path d=\"M22 11.08V12a10 10 0 1 1-5.93-9.14\"><\/path><polyline points=\"22 4 12 14.01 9 11.01\"><\/polyline><\/svg><\/div><span class=\"kt-svg-icon-list-text\"><a href=\"\/ro\/conditii-generale-de-cumparare-si-plata\/\" target=\"_blank\" rel=\"noreferrer noopener\">Condi\u021bii Generale De Cump\u0103rare \u0218i Plat\u0103 (numai \u00een limba francez\u0103)<\/a><\/span><\/li><\/ul><\/div>\n\n\n<style>#kt-layout-id_ba95a2-e9 > .kt-row-column-wrap{align-content:center;}:where(#kt-layout-id_ba95a2-e9 > .kt-row-column-wrap) > .wp-block-kadence-column{justify-content:center;}#kt-layout-id_ba95a2-e9 > .kt-row-column-wrap{column-gap:var(--global-kb-gap-md, 2rem);row-gap:var(--global-kb-gap-md, 2rem);max-width:300px;margin-left:auto;margin-right:auto;padding-top:var( --global-kb-row-default-top, 25px );padding-bottom:var( --global-kb-row-default-bottom, 25px );padding-top:var(--global-kb-spacing-sm, 1.5rem);padding-bottom:var(--global-kb-spacing-sm, 1.5rem);grid-template-columns:minmax(0, 1fr);}#kt-layout-id_ba95a2-e9 > .kt-row-layout-overlay{opacity:0.30;}@media all and (max-width: 1024px){#kt-layout-id_ba95a2-e9 > .kt-row-column-wrap{grid-template-columns:minmax(0, 1fr);}}@media all and (max-width: 767px){#kt-layout-id_ba95a2-e9 > .kt-row-column-wrap{grid-template-columns:minmax(0, 1fr);}}<\/style>\n<div class=\"wp-block-kadence-rowlayout alignwide\"><div id=\"kt-layout-id_ba95a2-e9\" class=\"kt-row-layout-inner kt-layout-id_ba95a2-e9\"><div class=\"kt-row-column-wrap kt-has-1-columns kt-gutter-default kt-v-gutter-default kt-row-valign-middle kt-row-layout-equal kt-tab-layout-inherit kt-m-colapse-left-to-right kt-mobile-layout-row\"><style>.kadence-column_1de8c0-a3 > .kt-inside-inner-col{border-top-width:0px;border-right-width:0px;border-bottom-width:0px;border-left-width:0px;}.kadence-column_1de8c0-a3 > .kt-inside-inner-col,.kadence-column_1de8c0-a3 > .kt-inside-inner-col:before{border-top-left-radius:0px;border-top-right-radius:0px;border-bottom-right-radius:0px;border-bottom-left-radius:0px;}.kadence-column_1de8c0-a3 > .kt-inside-inner-col{column-gap:var(--global-kb-gap-sm, 1rem);}.kadence-column_1de8c0-a3 > .kt-inside-inner-col{flex-direction:column;}.kadence-column_1de8c0-a3 > .kt-inside-inner-col > .aligncenter{width:100%;}.kadence-column_1de8c0-a3 > .kt-inside-inner-col:before{opacity:0.3;}.kadence-column_1de8c0-a3{position:relative;}@media all and (max-width: 1024px){.kadence-column_1de8c0-a3 > .kt-inside-inner-col{flex-direction:column;justify-content:center;}}@media all and (max-width: 767px){.kadence-column_1de8c0-a3 > .kt-inside-inner-col{flex-direction:column;justify-content:center;}}<\/style>\n<div class=\"wp-block-kadence-column inner-column-1 kadence-column_1de8c0-a3\"><div class=\"kt-inside-inner-col\"><style>.wp-block-kadence-column.kb-section-dir-horizontal > .kt-inside-inner-col > #kt-info-box_b0ac94-b0 .kt-blocks-info-box-link-wrap{max-width:unset;}#kt-info-box_b0ac94-b0 .kt-blocks-info-box-link-wrap{border-radius:5px;border-top-width:0px;border-right-width:0px;border-bottom-width:0px;border-left-width:0px;background:var(--global-palette8, #F7FAFC);padding-top:10px;padding-right:10px;padding-bottom:10px;padding-left:10px;}#kt-info-box_b0ac94-b0 .kt-blocks-info-box-media-align-top .kt-blocks-info-box-media-container{max-width:100%;}#kt-info-box_b0ac94-b0 .kt-blocks-info-box-link-wrap:hover{border-color:var(--global-palette9, #ffffff);background:var(--global-palette7, #EDF2F7);}#kt-info-box_b0ac94-b0 .kadence-info-box-icon-container .kt-info-svg-icon, #kt-info-box_b0ac94-b0 .kt-info-svg-icon-flip, #kt-info-box_b0ac94-b0 .kt-blocks-info-box-number{font-size:30px;}#kt-info-box_b0ac94-b0 .kt-blocks-info-box-media{color:var(--global-palette9, #ffffff);border-color:var(--global-palette9, #ffffff);border-radius:1px;overflow:hidden;border-top-width:1px;border-right-width:1px;border-bottom-width:1px;border-left-width:1px;padding-top:10px;padding-right:10px;padding-bottom:10px;padding-left:10px;margin-top:0px;margin-right:15px;margin-bottom:0px;margin-left:15px;}#kt-info-box_b0ac94-b0 .kt-blocks-info-box-media .kadence-info-box-image-intrisic img{border-radius:1px;}#kt-info-box_b0ac94-b0 .kt-blocks-info-box-link-wrap:hover .kt-blocks-info-box-media{color:var(--global-palette9, #ffffff);border-color:var(--global-palette9, #ffffff);}#kt-info-box_b0ac94-b0 .kt-blocks-info-box-link-wrap .kt-blocks-info-box-media{border-width:0px;box-shadow:inset 0 0 0 1px palette9;}#kt-info-box_b0ac94-b0 .kt-blocks-info-box-link-wrap .kt-blocks-info-box-media:before, #kt-info-box_b0ac94-b0 .kt-blocks-info-box-link-wrap .kt-blocks-info-box-media:after{border-radius:1px;}#kt-info-box_b0ac94-b0 .kt-blocks-info-box-link-wrap .kt-blocks-info-box-media:before{border-width:1px;}#kt-info-box_b0ac94-b0 .kt-blocks-info-box-link-wrap:hover .kt-blocks-info-box-media:after{border-right-color:var(--global-palette9, #ffffff);border-right-width:1px;border-top-width:1px;border-bottom-width:1px;}#kt-info-box_b0ac94-b0 .kt-blocks-info-box-link-wrap:hover .kt-blocks-info-box-media:before{border-top-color:var(--global-palette9, #ffffff);border-right-color:var(--global-palette9, #ffffff);border-bottom-color:var(--global-palette9, #ffffff);}#kt-info-box_b0ac94-b0 .kt-infobox-textcontent h3.kt-blocks-info-box-title{color:var(--global-palette9, #ffffff);font-size:20px;font-style:normal;padding-top:0px;padding-right:0px;padding-bottom:0px;padding-left:0px;margin-top:5px;margin-right:0px;margin-bottom:10px;margin-left:0px;}.wp-block-kadence-infobox#kt-info-box_b0ac94-b0 .kt-blocks-info-box-text{font-size:20px;font-family:'Source Sans Pro';font-style:normal;font-weight:400;}#kt-info-box_b0ac94-b0 .kt-blocks-info-box-learnmore{background:transparent;border-width:0px 0px 0px 0px;padding-top:4px;padding-right:8px;padding-bottom:4px;padding-left:8px;margin-top:10px;margin-right:0px;margin-bottom:10px;margin-left:0px;}@media all and (max-width: 767px){#kt-info-box_b0ac94-b0 .kt-blocks-info-box-link-wrap{text-align:center;padding-top:0px;padding-right:0px;padding-bottom:0px;padding-left:0px;}}<\/style>\n<div id=\"kt-info-box_b0ac94-b0\" class=\"wp-block-kadence-infobox\"><a class=\"kt-blocks-info-box-link-wrap info-box-link kt-blocks-info-box-media-align-left kt-info-halign-center kb-info-mobile-halign-center\" href=\"\/ro\/\"><div class=\"kt-blocks-info-box-media-container\"><div class=\"kt-blocks-info-box-media kt-info-media-animate-drawborder\"><div class=\"kadence-info-box-icon-container kt-info-icon-animate-drawborder\"><div class=\"kadence-info-box-icon-inner-container\"><span style=\"display:block;justify-content:center;align-items:center\" class=\"kt-info-svg-icon kt-info-svg-icon-fe_arrowLeft\"><svg style=\"display:inline-block;vertical-align:middle\" viewbox=\"0 0 24 24\" height=\"30\" width=\"30\" fill=\"none\" stroke=\"currentColor\" xmlns=\"http:\/\/www.w3.org\/2000\/svg\" stroke-width=\"1.5\" stroke-linecap=\"round\" stroke-linejoin=\"round\" aria-hidden=\"true\"><line x1=\"19\" y1=\"12\" x2=\"5\" y2=\"12\"><\/line><polyline points=\"12 19 5 12 12 5\"><\/polyline><\/svg><\/span><\/div><\/div><\/div><\/div><div class=\"kt-infobox-textcontent\"><h3 class=\"kt-blocks-info-box-title\">\u00cenapoi la pagina principal\u0103<\/h3><\/div><\/a><\/div>\n<\/div><\/div>\n<\/div><\/div><\/div>\n<\/div><\/div>\n<\/div><\/div><\/div>\n","protected":false},"excerpt":{"rendered":"<p>Aviz legal<\/p>\n","protected":false},"author":6,"featured_media":0,"parent":0,"menu_order":0,"comment_status":"closed","ping_status":"closed","template":"","meta":{"inline_featured_image":false,"_uag_custom_page_level_css":"","_kad_blocks_custom_css":"","_kad_blocks_head_custom_js":"","_kad_blocks_body_custom_js":"","_kad_blocks_footer_custom_js":"","_kadence_starter_templates_imported_post":false,"_kad_post_transparent":"","_kad_post_title":"","_kad_post_layout":"","_kad_post_sidebar_id":"","_kad_post_content_style":"","_kad_post_vertical_padding":"","_kad_post_feature":"","_kad_post_feature_position":"","_kad_post_header":false,"_kad_post_footer":false,"_kad_post_classname":"","footnotes":""},"class_list":["post-3490","page","type-page","status-publish","hentry"],"taxonomy_info":[],"featured_image_src_large":false,"author_info":{"display_name":"flexadmin","author_link":"https:\/\/dourdin.com\/ro\/author\/flexadmin\/"},"comment_info":0,"uagb_featured_image_src":{"full":false,"thumbnail":false,"medium":false,"medium_large":false,"large":false,"1536x1536":false,"2048x2048":false,"custom-1200":false,"custom-600":false,"custom-300":false},"uagb_author_info":{"display_name":"flexadmin","author_link":"https:\/\/dourdin.com\/ro\/author\/flexadmin\/"},"uagb_comment_info":0,"uagb_excerpt":"Aviz legal","_links":{"self":[{"href":"https:\/\/dourdin.com\/ro\/wp-json\/wp\/v2\/pages\/3490","targetHints":{"allow":["GET"]}}],"collection":[{"href":"https:\/\/dourdin.com\/ro\/wp-json\/wp\/v2\/pages"}],"about":[{"href":"https:\/\/dourdin.com\/ro\/wp-json\/wp\/v2\/types\/page"}],"author":[{"embeddable":true,"href":"https:\/\/dourdin.com\/ro\/wp-json\/wp\/v2\/users\/6"}],"replies":[{"embeddable":true,"href":"https:\/\/dourdin.com\/ro\/wp-json\/wp\/v2\/comments?post=3490"}],"version-history":[{"count":0,"href":"https:\/\/dourdin.com\/ro\/wp-json\/wp\/v2\/pages\/3490\/revisions"}],"wp:attachment":[{"href":"https:\/\/dourdin.com\/ro\/wp-json\/wp\/v2\/media?parent=3490"}],"curies":[{"name":"wp","href":"https:\/\/api.w.org\/{rel}","templated":true}]}}