{"id":3345,"date":"2021-12-28T20:22:05","date_gmt":"2021-12-28T19:22:05","guid":{"rendered":"https:\/\/dourdin.com\/conditions-generales-dachat-et-de-reglement\/"},"modified":"2023-04-21T13:03:59","modified_gmt":"2023-04-21T11:03:59","slug":"termos-e-condicoes-gerais-de-compra-e-pagamento","status":"publish","type":"page","link":"https:\/\/dourdin.com\/pt-pt\/termos-e-condicoes-gerais-de-compra-e-pagamento\/","title":{"rendered":"CONDITIONS G\u00c9N\u00c9RALES D&#8217;ACHAT ET DE R\u00c8GLEMENT"},"content":{"rendered":"<style>#kt-layout-id_45b53c-27{margin-top:0px;}#kt-layout-id_45b53c-27 > .kt-row-column-wrap{align-content:start;}:where(#kt-layout-id_45b53c-27 > .kt-row-column-wrap) > .wp-block-kadence-column{justify-content:start;}#kt-layout-id_45b53c-27 > .kt-row-column-wrap{column-gap:var(--global-kb-gap-md, 2rem);row-gap:var(--global-kb-gap-md, 2rem);max-width:1200px;margin-left:auto;margin-right:auto;padding-top:var( --global-kb-row-default-top, 25px );padding-bottom:var( --global-kb-row-default-bottom, 25px );padding-top:150px;grid-template-columns:minmax(0, 1fr);}#kt-layout-id_45b53c-27{background-image:url('https:\/\/dourdin-tryout.goforflex.com\/wp-content\/uploads\/2021\/10\/Background_irongrip.webp');background-size:auto;background-position:center center;background-attachment:fixed;background-repeat:repeat;}#kt-layout-id_45b53c-27 > .kt-row-layout-overlay{opacity:0.30;}@media all and (max-width: 1024px), only screen and (min-device-width: 1024px) and (max-device-width: 1366px) and (-webkit-min-device-pixel-ratio: 2) and (hover: none){#kt-layout-id_45b53c-27{background-attachment:scroll;}}@media all and (max-width: 1024px){#kt-layout-id_45b53c-27 > .kt-row-column-wrap{grid-template-columns:minmax(0, 1fr);}}@media all and (max-width: 767px){#kt-layout-id_45b53c-27 > .kt-row-column-wrap{grid-template-columns:minmax(0, 1fr);}}<\/style>\n<div class=\"wp-block-kadence-rowlayout alignfull\"><div id=\"kt-layout-id_45b53c-27\" class=\"kt-row-layout-inner kt-row-has-bg kt-layout-id_45b53c-27 has-theme-palette-8-background-color\"><div class=\"kt-row-column-wrap kt-has-1-columns kt-gutter-default kt-v-gutter-default kt-row-valign-top kt-row-layout-equal kt-tab-layout-inherit kt-m-colapse-left-to-right kt-mobile-layout-row\"><style>.kadence-column_7ba277-ff > .kt-inside-inner-col{border-top-width:0px;border-right-width:0px;border-bottom-width:0px;border-left-width:0px;}.kadence-column_7ba277-ff > .kt-inside-inner-col,.kadence-column_7ba277-ff > .kt-inside-inner-col:before{border-top-left-radius:0px;border-top-right-radius:0px;border-bottom-right-radius:0px;border-bottom-left-radius:0px;}.kadence-column_7ba277-ff > .kt-inside-inner-col{column-gap:var(--global-kb-gap-sm, 1rem);}.kadence-column_7ba277-ff > .kt-inside-inner-col{flex-direction:column;}.kadence-column_7ba277-ff > .kt-inside-inner-col > .aligncenter{width:100%;}.kadence-column_7ba277-ff > .kt-inside-inner-col:before{opacity:0.3;}.kadence-column_7ba277-ff, .kadence-column_7ba277-ff h1, .kadence-column_7ba277-ff h2, .kadence-column_7ba277-ff h3, .kadence-column_7ba277-ff h4, .kadence-column_7ba277-ff h5, .kadence-column_7ba277-ff h6{color:var(--global-palette9, #ffffff);}.kadence-column_7ba277-ff{position:relative;}@media all and (max-width: 1024px){.kadence-column_7ba277-ff > .kt-inside-inner-col{flex-direction:column;justify-content:center;}}@media all and (max-width: 767px){.kadence-column_7ba277-ff > .kt-inside-inner-col{flex-direction:column;justify-content:center;}}<\/style>\n<div class=\"wp-block-kadence-column inner-column-1 kadence-column_7ba277-ff\"><div class=\"kt-inside-inner-col\"><style>.wp-block-kadence-advancedheading.kt-adv-heading_d6da4e-15, .wp-block-kadence-advancedheading.kt-adv-heading_d6da4e-15[data-kb-block=\"kb-adv-heading_d6da4e-15\"]{padding-top:100px;text-align:center;font-size:65px;font-weight:300;font-style:normal;}.wp-block-kadence-advancedheading.kt-adv-heading_d6da4e-15 mark.kt-highlight, .wp-block-kadence-advancedheading.kt-adv-heading_d6da4e-15[data-kb-block=\"kb-adv-heading_d6da4e-15\"] mark.kt-highlight{font-style:normal;color:#f76a0c;-webkit-box-decoration-break:clone;box-decoration-break:clone;padding-top:0px;padding-right:0px;padding-bottom:0px;padding-left:0px;}.wp-block-kadence-advancedheading.kt-adv-heading_d6da4e-15 img.kb-inline-image, .wp-block-kadence-advancedheading.kt-adv-heading_d6da4e-15[data-kb-block=\"kb-adv-heading_d6da4e-15\"] img.kb-inline-image{width:150px;vertical-align:baseline;}@media all and (max-width: 767px){.wp-block-kadence-advancedheading.kt-adv-heading_d6da4e-15, .wp-block-kadence-advancedheading.kt-adv-heading_d6da4e-15[data-kb-block=\"kb-adv-heading_d6da4e-15\"]{font-size:30px;line-height:30px;text-align:center!important;}}<\/style>\n<h1 class=\"kt-adv-heading_d6da4e-15 wp-block-kadence-advancedheading has-theme-palette-9-color has-text-color\" data-kb-block=\"kb-adv-heading_d6da4e-15\">Conditions G\u00e9n\u00e9rales d&#8217;Achat et de R\u00e8glement<\/h1>\n\n\n<style>#kt-layout-id_73b2dc-bf > .kt-row-column-wrap{align-content:start;}:where(#kt-layout-id_73b2dc-bf > .kt-row-column-wrap) > .wp-block-kadence-column{justify-content:start;}#kt-layout-id_73b2dc-bf > .kt-row-column-wrap{column-gap:var(--global-kb-gap-md, 2rem);row-gap:var(--global-kb-gap-md, 2rem);padding-top:var( --global-kb-row-default-top, 25px );padding-bottom:var( --global-kb-row-default-bottom, 25px );padding-top:var(--global-kb-spacing-sm, 1.5rem);padding-bottom:var(--global-kb-spacing-sm, 1.5rem);grid-template-columns:minmax(0, 1fr);}#kt-layout-id_73b2dc-bf > .kt-row-layout-overlay{opacity:0.30;}@media all and (max-width: 1024px){#kt-layout-id_73b2dc-bf > .kt-row-column-wrap{grid-template-columns:minmax(0, 1fr);}}@media all and (max-width: 767px){#kt-layout-id_73b2dc-bf > .kt-row-column-wrap{grid-template-columns:minmax(0, 1fr);}}<\/style>\n<div class=\"wp-block-kadence-rowlayout alignnone\"><div id=\"kt-layout-id_73b2dc-bf\" class=\"kt-row-layout-inner kt-layout-id_73b2dc-bf\"><div class=\"kt-row-column-wrap kt-has-1-columns kt-gutter-default kt-v-gutter-default kt-row-valign-top kt-row-layout-equal kt-tab-layout-inherit kt-m-colapse-left-to-right kt-mobile-layout-row\"><style>.kadence-column_c9e557-b9 > .kt-inside-inner-col{border-top-width:0px;border-right-width:0px;border-bottom-width:0px;border-left-width:0px;}.kadence-column_c9e557-b9 > .kt-inside-inner-col,.kadence-column_c9e557-b9 > .kt-inside-inner-col:before{border-top-left-radius:0px;border-top-right-radius:0px;border-bottom-right-radius:0px;border-bottom-left-radius:0px;}.kadence-column_c9e557-b9 > .kt-inside-inner-col{column-gap:var(--global-kb-gap-sm, 1rem);}.kadence-column_c9e557-b9 > .kt-inside-inner-col{flex-direction:column;}.kadence-column_c9e557-b9 > .kt-inside-inner-col > .aligncenter{width:100%;}.kadence-column_c9e557-b9 > .kt-inside-inner-col:before{opacity:0.3;}.kadence-column_c9e557-b9{position:relative;}@media all and (max-width: 1024px){.kadence-column_c9e557-b9 > .kt-inside-inner-col{flex-direction:column;justify-content:center;}}@media all and (max-width: 767px){.kadence-column_c9e557-b9 > .kt-inside-inner-col{flex-direction:column;justify-content:center;}}<\/style>\n<div class=\"wp-block-kadence-column inner-column-1 kadence-column_c9e557-b9\"><div class=\"kt-inside-inner-col\">\n<p class=\"has-text-align-left has-theme-palette-9-color has-text-color\">Le commencement d&#8217;ex\u00e9cution de la pr\u00e9sente commande comporte de la part du fournisseur l&#8217;acceptation pure et simple sans aucune r\u00e9serve de toutes les conditions g\u00e9n\u00e9rales ci-apr\u00e8s, ainsi que des conditions sp\u00e9ciales figurant dans cette commande.<\/p>\n\n\n\n<p class=\"has-text-align-left has-theme-palette-9-color has-text-color\"><br\/>ACCUSE DE RECEPTION DE COMMANDE &#8211; Toutes r\u00e9serves, de quelque nature qu&#8217;elles soient, formul\u00e9es par un fournisseur sur un accus\u00e9 de r\u00e9ception, devront faire l&#8217;objet d&#8217;une acceptation \u00e9crite de notre part, faute de quoi ces r\u00e9serves seront consid\u00e9r\u00e9es comme inexistantes et pourront entra\u00eener l&#8217;annulation d&#8217;un bon de commande. Aucune modification ne pourra \u00eatre effectu\u00e9e aux termes et aux sp\u00e9cifications de la commande en cours d&#8217;ex\u00e9cution, ou de fabrication, sans notre accord pr\u00e9alable ou par \u00e9crit, toute modification effectu\u00e9e sans accord autorisera notre Soci\u00e9t\u00e9 \u00e0 refuser la livraison.<\/p>\n\n\n\n<p class=\"has-text-align-left has-theme-palette-9-color has-text-color\"><br\/>DELAI RETARD ET DEVANCEMENT DE LIVRAISON &#8211; Le d\u00e9lai de livraison mentionn\u00e9 sur notre bon de commande est imp\u00e9ratif. S&#8217;il ne pouvait \u00eatre maintenu, le fournisseur devra nous en aviser d\u00e8s constatation du fait g\u00e9n\u00e9rateur du retard. De m\u00eame, Il devra nous faire part, au moins 15 jours \u00e0 l&#8217;avance, de toute impossibilit\u00e9 de respecter la livraison fix\u00e9e, sous peine de se voir facturer Imm\u00e9diatement le co\u00fbt du ch\u00f4mage technique cons\u00e9cutif \u00e0 ce retard. En cas de retard dans les dates de livraison Indiqu\u00e9es sur la commande, m\u00eame si des livraisons partielles de cette commande ont \u00e9t\u00e9 ex\u00e9cut\u00e9es dans les d\u00e9lais voulus, nous nous r\u00e9servons le droit, ou d&#8217;annuler le solde de la commande par simple lettre recommand\u00e9e, sans que nous soyons tenus de ce fait \u00e0 verser aucune indemnit\u00e9, ou de r\u00e9clamer, \u00e0 notre choix, les p\u00e9nalit\u00e9s qui pourraient nous \u00eatre dues du fait de ce retard. Dans ce dernier cas, l&#8217;\u00e9ch\u00e9ance sera retard\u00e9e d&#8217;un mois \u00e0 dater de la r\u00e9ception en nos usines de la marchandise. Lorsqu&#8217;un fournisseur d\u00e9cidera unilat\u00e9ralement de devancer la date de livraison fix\u00e9e \u00e0 la commande, le r\u00e8glement de la fourniture ne sera effectu\u00e9 qu&#8217;en fonction du d\u00e9lai figurant au bon de commande dans le cadre des conditions de paiement convenues.<\/p>\n\n\n\n<p class=\"has-text-align-left has-theme-palette-9-color has-text-color\"><br\/>RECEPTION DE MARCHANDISE &#8211; A moins de convention contraire dans la commande, la r\u00e9ception de la marchandise sera toujours effectu\u00e9e dans notre magasin destinataire, m\u00eame si la marchandise est factur\u00e9e \u00abd\u00e9part usine du fournisseur\u00bb. Nous nous r\u00e9servons le droit de faire examiner la marchandise en cours de fabrication dans l&#8217;usine du fournisseur sans que cet examen constitue une r\u00e9ception ou une acceptation de la marchandise, laquelle doit toujours \u00eatre r\u00e9ceptionn\u00e9e dans notre magasin destinataire.<\/p>\n\n\n\n<p class=\"has-text-align-left has-theme-palette-9-color has-text-color\"><br\/>MARCHANDISES REFUSEES A LA RECEPTION POUR NON-CONFORMITE OU DEFECTUOSITE &#8211; Toute marchandise non conforme aux sp\u00e9cifications de notre commande et refus\u00e9e \u00e0 la r\u00e9ception de notre magasin destinataire sera renvoy\u00e9e en port d\u00fb au fournisseur, ou tenue \u00e0 sa disposition dans notre magasin pendant 6 jours \u00e0 dater de notre avis de refus : pass\u00e9 ce d\u00e9lai, le magasinage, enti\u00e8rement aux risques et p\u00e9rils du fournisseur, lui sera compt\u00e9 sur la base du tarif en cours dans la r\u00e9gion.<\/p>\n\n\n\n<p class=\"has-text-align-left has-theme-palette-9-color has-text-color\"><br\/>Pour tout mat\u00e9riel re\u00e7u d\u00e9fectueux, DOURDIN SA ne peut \u00eatre engag\u00e9 et l&#8217;exp\u00e9diteur fera le n\u00e9cessaire, sans compl\u00e9ment de facturation pour remplacer l&#8217;int\u00e9gralit\u00e9 des fournitures non utilisables par des fournitures neuves.<br\/><\/p>\n\n\n\n<p class=\"has-text-align-left has-theme-palette-9-color has-text-color\">FABRICATION &#8211; Tout fournisseur \u00e9ventuel ne pourra, en aucune fa\u00e7on : ni divulguer, ni m\u00eame s&#8217;inspirer de tout document (plans) ou \u00e9tudes r\u00e9alis\u00e9es par notre Soci\u00e9t\u00e9 pour une r\u00e9alisation pouvant concurrencer et porter pr\u00e9judice au commerce de DOURDIN SA. Cette clause est \u00e9galement valable pour toutes \u00e9tudes faites en commun ou par une autre entreprise sur les indications de DOURDIN SA.<br\/><\/p>\n\n\n\n<p class=\"has-text-align-left has-theme-palette-9-color has-text-color\">Pour toutes pi\u00e8ces que vous fabriquez avec des plans ou Indications DOURDIN, vous vous engagez \u00e0 ne communiquer \u00e0 quiconque suggestions, conseils, inspirations, pi\u00e8ces, plans minutes et autres qui pourraient permettre, \u00e0 vous-m\u00eame ou \u00e0 d&#8217;autres soci\u00e9t\u00e9s de concurrencer DOURDIN SA,<\/p>\n\n\n\n<p class=\"has-text-align-left has-theme-palette-9-color has-text-color\"><br\/>FACTURE &#8211; Les factures doivent nous \u00eatre adress\u00e9es en 2 exemplaires dans les 5 jours qui suivent l&#8217;exp\u00e9dition de la marchandise en y pr\u00e9cisant le num\u00e9ro de notre bon de commande, le nom de l&#8217;acheteur ou l&#8217;approvisionneur, le nom du transporteur et, la date de livraison.<br\/>REGLEMENT 45 jours fin de mois par billet \u00e0 ordre ou virement<\/p>\n\n\n\n<ul class=\"has-theme-palette-9-color has-text-color wp-block-list\"><li>Escompte 0,5% pour r\u00e8glement comptant.<br\/>JURIDICTION &#8211; Nonobstant toutes stipulations contraires, nos achats sont payables \u00e0 LILLE sans qu&#8217;un r\u00e8glement exceptionnel par traite puisse constituer une d\u00e9rogation \u00e0 cette clause, pour tous litiges, les Tribunaux de LILLE seront seuls comp\u00e9tents, m\u00eame en cas d&#8217;appel en garantie ou de pluralit\u00e9 de d\u00e9fendeurs.<\/li><\/ul>\n\n\n<style>#kt-layout-id_3b0f4c-9c > .kt-row-column-wrap{align-content:center;}:where(#kt-layout-id_3b0f4c-9c > .kt-row-column-wrap) > .wp-block-kadence-column{justify-content:center;}#kt-layout-id_3b0f4c-9c > .kt-row-column-wrap{column-gap:var(--global-kb-gap-md, 2rem);row-gap:var(--global-kb-gap-md, 2rem);max-width:300px;margin-left:auto;margin-right:auto;padding-top:var( --global-kb-row-default-top, 25px );padding-bottom:var( --global-kb-row-default-bottom, 25px );padding-bottom:77px;grid-template-columns:minmax(0, 1fr);}#kt-layout-id_3b0f4c-9c > .kt-row-layout-overlay{opacity:0.30;}@media all and (max-width: 1024px){#kt-layout-id_3b0f4c-9c > .kt-row-column-wrap{grid-template-columns:minmax(0, 1fr);}}@media all and (max-width: 767px){#kt-layout-id_3b0f4c-9c > .kt-row-column-wrap{grid-template-columns:minmax(0, 1fr);}}<\/style>\n<div class=\"wp-block-kadence-rowlayout alignwide\"><div id=\"kt-layout-id_3b0f4c-9c\" class=\"kt-row-layout-inner kt-layout-id_3b0f4c-9c\"><div class=\"kt-row-column-wrap kt-has-1-columns kt-gutter-default kt-v-gutter-default kt-row-valign-middle kt-row-layout-equal kt-tab-layout-inherit kt-m-colapse-left-to-right kt-mobile-layout-row\"><style>.kadence-column_aeb32f-58 > .kt-inside-inner-col{border-top-width:0px;border-right-width:0px;border-bottom-width:0px;border-left-width:0px;}.kadence-column_aeb32f-58 > .kt-inside-inner-col,.kadence-column_aeb32f-58 > .kt-inside-inner-col:before{border-top-left-radius:0px;border-top-right-radius:0px;border-bottom-right-radius:0px;border-bottom-left-radius:0px;}.kadence-column_aeb32f-58 > .kt-inside-inner-col{column-gap:var(--global-kb-gap-sm, 1rem);}.kadence-column_aeb32f-58 > .kt-inside-inner-col{flex-direction:column;}.kadence-column_aeb32f-58 > .kt-inside-inner-col > .aligncenter{width:100%;}.kadence-column_aeb32f-58 > .kt-inside-inner-col:before{opacity:0.3;}.kadence-column_aeb32f-58{position:relative;}@media all and (max-width: 1024px){.kadence-column_aeb32f-58 > .kt-inside-inner-col{flex-direction:column;justify-content:center;}}@media all and (max-width: 767px){.kadence-column_aeb32f-58 > .kt-inside-inner-col{flex-direction:column;justify-content:center;}}<\/style>\n<div class=\"wp-block-kadence-column inner-column-1 kadence-column_aeb32f-58\"><div class=\"kt-inside-inner-col\"><style>.wp-block-kadence-column.kb-section-dir-horizontal > .kt-inside-inner-col > #kt-info-box_b5075f-a2 .kt-blocks-info-box-link-wrap{max-width:unset;}#kt-info-box_b5075f-a2 .kt-blocks-info-box-link-wrap{border-radius:5px;border-top-width:0px;border-right-width:0px;border-bottom-width:0px;border-left-width:0px;background:var(--global-palette8, #F7FAFC);padding-top:10px;padding-right:10px;padding-bottom:10px;padding-left:10px;}#kt-info-box_b5075f-a2 .kt-blocks-info-box-media-align-top .kt-blocks-info-box-media-container{max-width:100%;}#kt-info-box_b5075f-a2 .kt-blocks-info-box-link-wrap:hover{border-color:var(--global-palette9, #ffffff);background:var(--global-palette7, #EDF2F7);}#kt-info-box_b5075f-a2 .kadence-info-box-icon-container .kt-info-svg-icon, #kt-info-box_b5075f-a2 .kt-info-svg-icon-flip, #kt-info-box_b5075f-a2 .kt-blocks-info-box-number{font-size:30px;}#kt-info-box_b5075f-a2 .kt-blocks-info-box-media{color:var(--global-palette9, #ffffff);border-color:var(--global-palette9, #ffffff);border-radius:1px;overflow:hidden;border-top-width:1px;border-right-width:1px;border-bottom-width:1px;border-left-width:1px;padding-top:10px;padding-right:10px;padding-bottom:10px;padding-left:10px;margin-top:0px;margin-right:15px;margin-bottom:0px;margin-left:15px;}#kt-info-box_b5075f-a2 .kt-blocks-info-box-media .kadence-info-box-image-intrisic img{border-radius:1px;}#kt-info-box_b5075f-a2 .kt-blocks-info-box-link-wrap:hover .kt-blocks-info-box-media{color:var(--global-palette9, #ffffff);border-color:var(--global-palette9, #ffffff);}#kt-info-box_b5075f-a2 .kt-blocks-info-box-link-wrap .kt-blocks-info-box-media{border-width:0px;box-shadow:inset 0 0 0 1px palette9;}#kt-info-box_b5075f-a2 .kt-blocks-info-box-link-wrap .kt-blocks-info-box-media:before, #kt-info-box_b5075f-a2 .kt-blocks-info-box-link-wrap .kt-blocks-info-box-media:after{border-radius:1px;}#kt-info-box_b5075f-a2 .kt-blocks-info-box-link-wrap .kt-blocks-info-box-media:before{border-width:1px;}#kt-info-box_b5075f-a2 .kt-blocks-info-box-link-wrap:hover .kt-blocks-info-box-media:after{border-right-color:var(--global-palette9, #ffffff);border-right-width:1px;border-top-width:1px;border-bottom-width:1px;}#kt-info-box_b5075f-a2 .kt-blocks-info-box-link-wrap:hover .kt-blocks-info-box-media:before{border-top-color:var(--global-palette9, #ffffff);border-right-color:var(--global-palette9, #ffffff);border-bottom-color:var(--global-palette9, #ffffff);}#kt-info-box_b5075f-a2 .kt-infobox-textcontent h3.kt-blocks-info-box-title{color:var(--global-palette9, #ffffff);font-size:20px;font-style:normal;padding-top:0px;padding-right:0px;padding-bottom:0px;padding-left:0px;margin-top:5px;margin-right:0px;margin-bottom:10px;margin-left:0px;}.wp-block-kadence-infobox#kt-info-box_b5075f-a2 .kt-blocks-info-box-text{font-size:20px;font-family:'Source Sans Pro';font-style:normal;font-weight:400;}#kt-info-box_b5075f-a2 .kt-blocks-info-box-learnmore{background:transparent;border-width:0px 0px 0px 0px;padding-top:4px;padding-right:8px;padding-bottom:4px;padding-left:8px;margin-top:10px;margin-right:0px;margin-bottom:10px;margin-left:0px;}@media all and (max-width: 767px){#kt-info-box_b5075f-a2 .kt-blocks-info-box-link-wrap{text-align:center;padding-top:0px;padding-right:0px;padding-bottom:0px;padding-left:0px;}}<\/style>\n<div id=\"kt-info-box_b5075f-a2\" class=\"wp-block-kadence-infobox\"><a class=\"kt-blocks-info-box-link-wrap info-box-link kt-blocks-info-box-media-align-left kt-info-halign-center kb-info-mobile-halign-center\" href=\"\/pt-pt\/\"><div class=\"kt-blocks-info-box-media-container\"><div class=\"kt-blocks-info-box-media kt-info-media-animate-drawborder\"><div class=\"kadence-info-box-icon-container kt-info-icon-animate-drawborder\"><div class=\"kadence-info-box-icon-inner-container\"><span style=\"display:block;justify-content:center;align-items:center\" class=\"kt-info-svg-icon kt-info-svg-icon-fe_arrowLeft\"><svg style=\"display:inline-block;vertical-align:middle\" viewbox=\"0 0 24 24\" height=\"30\" width=\"30\" fill=\"none\" stroke=\"currentColor\" xmlns=\"http:\/\/www.w3.org\/2000\/svg\" stroke-width=\"1.5\" stroke-linecap=\"round\" stroke-linejoin=\"round\" aria-hidden=\"true\"><line x1=\"19\" y1=\"12\" x2=\"5\" y2=\"12\"><\/line><polyline points=\"12 19 5 12 12 5\"><\/polyline><\/svg><\/span><\/div><\/div><\/div><\/div><div class=\"kt-infobox-textcontent\"><h3 class=\"kt-blocks-info-box-title\">Voltar \u00e0 p\u00e1gina de in\u00edcio<\/h3><\/div><\/a><\/div>\n<\/div><\/div>\n<\/div><\/div><\/div>\n<\/div><\/div>\n<\/div><\/div><\/div>\n<\/div><\/div>\n<\/div><\/div><\/div>\n","protected":false},"excerpt":{"rendered":"<p>Conditions G\u00e9n\u00e9rales d&#8217;Achat et de R\u00e8glement Le commencement d&#8217;ex\u00e9cution de la pr\u00e9sente commande comporte de la part du fournisseur l&#8217;acceptation pure et simple sans aucune r\u00e9serve de toutes les conditions g\u00e9n\u00e9rales ci-apr\u00e8s, ainsi que des conditions sp\u00e9ciales figurant dans cette commande. ACCUSE DE RECEPTION DE COMMANDE &#8211; Toutes r\u00e9serves, de quelque nature qu&#8217;elles soient, formul\u00e9es&#8230;<\/p>\n","protected":false},"author":6,"featured_media":0,"parent":0,"menu_order":0,"comment_status":"closed","ping_status":"closed","template":"","meta":{"inline_featured_image":false,"_uag_custom_page_level_css":"","_kad_blocks_custom_css":"","_kad_blocks_head_custom_js":"","_kad_blocks_body_custom_js":"","_kad_blocks_footer_custom_js":"","_kadence_starter_templates_imported_post":false,"_kad_post_transparent":"","_kad_post_title":"","_kad_post_layout":"","_kad_post_sidebar_id":"","_kad_post_content_style":"","_kad_post_vertical_padding":"","_kad_post_feature":"","_kad_post_feature_position":"","_kad_post_header":false,"_kad_post_footer":false,"_kad_post_classname":"","footnotes":""},"class_list":["post-3345","page","type-page","status-publish","hentry"],"taxonomy_info":[],"featured_image_src_large":false,"author_info":{"display_name":"flexadmin","author_link":"https:\/\/dourdin.com\/pt-pt\/author\/flexadmin\/"},"comment_info":0,"uagb_featured_image_src":{"full":false,"thumbnail":false,"medium":false,"medium_large":false,"large":false,"1536x1536":false,"2048x2048":false,"custom-1200":false,"custom-600":false,"custom-300":false},"uagb_author_info":{"display_name":"flexadmin","author_link":"https:\/\/dourdin.com\/pt-pt\/author\/flexadmin\/"},"uagb_comment_info":0,"uagb_excerpt":"Conditions G\u00e9n\u00e9rales d&#8217;Achat et de R\u00e8glement Le commencement d&#8217;ex\u00e9cution de la pr\u00e9sente commande comporte de la part du fournisseur l&#8217;acceptation pure et simple sans aucune r\u00e9serve de toutes les conditions g\u00e9n\u00e9rales ci-apr\u00e8s, ainsi que des conditions sp\u00e9ciales figurant dans cette commande. ACCUSE DE RECEPTION DE COMMANDE &#8211; Toutes r\u00e9serves, de quelque nature qu&#8217;elles soient, formul\u00e9es...","_links":{"self":[{"href":"https:\/\/dourdin.com\/pt-pt\/wp-json\/wp\/v2\/pages\/3345","targetHints":{"allow":["GET"]}}],"collection":[{"href":"https:\/\/dourdin.com\/pt-pt\/wp-json\/wp\/v2\/pages"}],"about":[{"href":"https:\/\/dourdin.com\/pt-pt\/wp-json\/wp\/v2\/types\/page"}],"author":[{"embeddable":true,"href":"https:\/\/dourdin.com\/pt-pt\/wp-json\/wp\/v2\/users\/6"}],"replies":[{"embeddable":true,"href":"https:\/\/dourdin.com\/pt-pt\/wp-json\/wp\/v2\/comments?post=3345"}],"version-history":[{"count":0,"href":"https:\/\/dourdin.com\/pt-pt\/wp-json\/wp\/v2\/pages\/3345\/revisions"}],"wp:attachment":[{"href":"https:\/\/dourdin.com\/pt-pt\/wp-json\/wp\/v2\/media?parent=3345"}],"curies":[{"name":"wp","href":"https:\/\/api.w.org\/{rel}","templated":true}]}}